{"id":1009,"date":"2016-04-21T16:59:44","date_gmt":"2016-04-21T14:59:44","guid":{"rendered":"http:\/\/kneb.wpit.am.gdynia.pl\/?page_id=1009"},"modified":"2023-10-17T18:21:15","modified_gmt":"2023-10-17T16:21:15","slug":"nasz-zespol","status":"publish","type":"page","link":"https:\/\/kneb.wznj.umg.edu.pl\/?page_id=1009","title":{"rendered":"Nasz zesp\u00f3\u0142"},"content":{"rendered":"<p><center><\/p>\n<h1>Oto nasi cz\u0142onkowie:<\/h1>\n<p><\/center><\/p>\n<p><center><\/p>\n<h2> Przewodnicz\u0105cy <\/h2>\n<h3>Oskar Kaca\u0142a<\/h3>\n<p><\/center><br \/>\n<center><\/p>\n<h2> Wieceprzewodnicz\u0105cy <\/h2>\n<h3>Kacper Kmiecik<\/h3>\n<p><\/center><br \/>\n<center><\/p>\n<h2> Skarbnik <\/h2>\n<h3>Micha\u0142 Wulkowicz<\/h3>\n<p><\/center><\/p>\n<p><center><\/p>\n<h2> Opiekun naukowy <\/h2>\n<h3>mgr Pawe\u0142 Szyman<\/h3>\n<p><\/center><\/p>\n<p><center><\/p>\n<h2> Za\u0142o\u017cyciel KNeB <\/h2>\n<h3>\u0141ukasz Tomczak<\/h3>\n<p><\/center><\/p>\n","protected":false},"excerpt":{"rendered":"<p>Oto nasi cz\u0142onkowie: Przewodnicz\u0105cy Oskar Kaca\u0142a Wieceprzewodnicz\u0105cy Kacper Kmiecik Skarbnik Micha\u0142 Wulkowicz Opiekun naukowy mgr Pawe\u0142 Szyman Za\u0142o\u017cyciel KNeB \u0141ukasz Tomczak<\/p>\n","protected":false},"author":1,"featured_media":0,"parent":0,"menu_order":0,"comment_status":"closed","ping_status":"open","template":"","meta":{"footnotes":""},"_links":{"self":[{"href":"https:\/\/kneb.wznj.umg.edu.pl\/index.php?rest_route=\/wp\/v2\/pages\/1009"}],"collection":[{"href":"https:\/\/kneb.wznj.umg.edu.pl\/index.php?rest_route=\/wp\/v2\/pages"}],"about":[{"href":"https:\/\/kneb.wznj.umg.edu.pl\/index.php?rest_route=\/wp\/v2\/types\/page"}],"author":[{"embeddable":true,"href":"https:\/\/kneb.wznj.umg.edu.pl\/index.php?rest_route=\/wp\/v2\/users\/1"}],"replies":[{"embeddable":true,"href":"https:\/\/kneb.wznj.umg.edu.pl\/index.php?rest_route=%2Fwp%2Fv2%2Fcomments&post=1009"}],"version-history":[{"count":35,"href":"https:\/\/kneb.wznj.umg.edu.pl\/index.php?rest_route=\/wp\/v2\/pages\/1009\/revisions"}],"predecessor-version":[{"id":1714,"href":"https:\/\/kneb.wznj.umg.edu.pl\/index.php?rest_route=\/wp\/v2\/pages\/1009\/revisions\/1714"}],"wp:attachment":[{"href":"https:\/\/kneb.wznj.umg.edu.pl\/index.php?rest_route=%2Fwp%2Fv2%2Fmedia&parent=1009"}],"curies":[{"name":"wp","href":"https:\/\/api.w.org\/{rel}","templated":true}]}}