{"id":1228,"date":"2019-01-24T17:52:13","date_gmt":"2019-01-24T16:52:13","guid":{"rendered":"http:\/\/kneb.wpit.umg.edu.pl\/?page_id=1228"},"modified":"2019-01-24T17:52:13","modified_gmt":"2019-01-24T16:52:13","slug":"iv-sympozjum-morskie","status":"publish","type":"page","link":"https:\/\/kneb.wznj.umg.edu.pl\/?page_id=1228","title":{"rendered":"<center>IV Sympozjum Morskie <\/center>"},"content":{"rendered":"<p><center><\/p>\n<h1>W dniach 09-10.06.2018 roku odby\u0142o si\u0119 IV Sympozjum Morskie K\u00f3\u0142 Naukowych Akademii Morskiej w Gdyni organizowane przez ko\u0142a naukowe e-Biznesu, HOSSA, ISTL oraz TRANSLOG.<\/h1>\n<p><\/center><\/p>\n<p><img loading=\"lazy\" decoding=\"async\" src=\"https:\/\/kneb.wpit.umg.edu.pl\/wp-content\/uploads\/IVSM-LOGO.jpg\" alt=\"\" width=\"679\" height=\"188\" class=\"aligncenter size-full wp-image-1231\" srcset=\"https:\/\/kneb.wznj.umg.edu.pl\/wp-content\/uploads\/IVSM-LOGO.jpg 679w, https:\/\/kneb.wznj.umg.edu.pl\/wp-content\/uploads\/IVSM-LOGO-300x83.jpg 300w\" sizes=\"(max-width: 679px) 100vw, 679px\" \/><\/p>\n<h1><em>Tematem przewodnim tegorocznej edycji by\u0142a:<\/em><br \/> <br \/>\n&#8222;Innowacyjna gospodarka \u2013 nowe trendy i technologie na rynku&#8221;<\/h1>\n<p><\/p>\n<p><a href=\"https:\/\/www.facebook.com\/events\/1964368827209291\/\"><img loading=\"lazy\" decoding=\"async\" src=\"https:\/\/kneb.wpit.umg.edu.pl\/wp-content\/uploads\/kwadrat-logo-facebook_318-40275.jpg\" alt=\"\" width=\"50\" height=\"50\" class=\"aligncenter size-full wp-image-903\" srcset=\"https:\/\/kneb.wznj.umg.edu.pl\/wp-content\/uploads\/kwadrat-logo-facebook_318-40275.jpg 626w, https:\/\/kneb.wznj.umg.edu.pl\/wp-content\/uploads\/kwadrat-logo-facebook_318-40275-150x150.jpg 150w, https:\/\/kneb.wznj.umg.edu.pl\/wp-content\/uploads\/kwadrat-logo-facebook_318-40275-300x300.jpg 300w\" sizes=\"(max-width: 50px) 100vw, 50px\" \/><\/a><\/p>\n","protected":false},"excerpt":{"rendered":"<p>W dniach 09-10.06.2018 roku odby\u0142o si\u0119 IV Sympozjum Morskie K\u00f3\u0142 Naukowych Akademii Morskiej w Gdyni organizowane przez ko\u0142a naukowe e-Biznesu, HOSSA, ISTL oraz TRANSLOG. Tematem przewodnim tegorocznej edycji by\u0142a: &#8222;Innowacyjna gospodarka \u2013 nowe trendy i technologie na rynku&#8221;<\/p>\n","protected":false},"author":1,"featured_media":0,"parent":0,"menu_order":0,"comment_status":"closed","ping_status":"closed","template":"","meta":{"footnotes":""},"_links":{"self":[{"href":"https:\/\/kneb.wznj.umg.edu.pl\/index.php?rest_route=\/wp\/v2\/pages\/1228"}],"collection":[{"href":"https:\/\/kneb.wznj.umg.edu.pl\/index.php?rest_route=\/wp\/v2\/pages"}],"about":[{"href":"https:\/\/kneb.wznj.umg.edu.pl\/index.php?rest_route=\/wp\/v2\/types\/page"}],"author":[{"embeddable":true,"href":"https:\/\/kneb.wznj.umg.edu.pl\/index.php?rest_route=\/wp\/v2\/users\/1"}],"replies":[{"embeddable":true,"href":"https:\/\/kneb.wznj.umg.edu.pl\/index.php?rest_route=%2Fwp%2Fv2%2Fcomments&post=1228"}],"version-history":[{"count":6,"href":"https:\/\/kneb.wznj.umg.edu.pl\/index.php?rest_route=\/wp\/v2\/pages\/1228\/revisions"}],"predecessor-version":[{"id":1235,"href":"https:\/\/kneb.wznj.umg.edu.pl\/index.php?rest_route=\/wp\/v2\/pages\/1228\/revisions\/1235"}],"wp:attachment":[{"href":"https:\/\/kneb.wznj.umg.edu.pl\/index.php?rest_route=%2Fwp%2Fv2%2Fmedia&parent=1228"}],"curies":[{"name":"wp","href":"https:\/\/api.w.org\/{rel}","templated":true}]}}