{"id":540,"date":"2014-03-14T22:44:36","date_gmt":"2014-03-14T21:44:36","guid":{"rendered":"http:\/\/kneb.wpit.am.gdynia.pl\/?page_id=540"},"modified":"2019-03-28T13:39:31","modified_gmt":"2019-03-28T12:39:31","slug":"sympozjum-morskie-2014","status":"publish","type":"page","link":"https:\/\/kneb.wznj.umg.edu.pl\/?page_id=540","title":{"rendered":"<center>I Sympozjum Morskie<\/center>"},"content":{"rendered":"<p style=\"font-size: larger; color: blue; text-align:center;\"><strong>Tegoroczne &#8222;II Sympozjum Morskie&#8221; odb\u0119dzie si\u0119 w dniach 30.05-01.06.2014 w Jastrz\u0119biej G\u00f3rze :)<\/strong><\/p>\n<p style=\"letter-spacing:1mm;\"><a href=\"http:\/\/kneb.wpit.umg.edu.pl\/wp-content\/uploads\/ster.png\" rel=\"lightbox[540]\"><img loading=\"lazy\" decoding=\"async\" src=\"https:\/\/kneb.wpit.umg.edu.pl\/wp-content\/uploads\/ster.png\" alt=\"ster\" width=\"18\" height=\"17\" class=\"alignleft size-full wp-image-577\" \/><\/a><a href=\"https:\/\/www.youtube.com\/watch?v=2ADYMceKa_M&#038;feature=youtu.be\">Film z I Sympozjum Morskiego <\/a><\/p>\n<p style=\"letter-spacing:1mm;\"><a href=\"http:\/\/kneb.wpit.umg.edu.pl\/wp-content\/uploads\/ster.png\" rel=\"lightbox[540]\"><img loading=\"lazy\" decoding=\"async\" src=\"https:\/\/kneb.wpit.umg.edu.pl\/wp-content\/uploads\/ster.png\" alt=\"ster\" width=\"18\" height=\"17\" class=\"alignleft size-full wp-image-577\" \/><\/a><a href=\"http:\/\/kneb.wpit.umg.edu.pl\/wp-content\/uploads\/sympozjum-ultoka1.pdf\">Ulotka Sympozjum <\/a><\/p>\n<p style=\"letter-spacing:1mm;\"><a href=\"http:\/\/kneb.wpit.umg.edu.pl\/wp-content\/uploads\/ster.png\" rel=\"lightbox[540]\"><img loading=\"lazy\" decoding=\"async\" src=\"https:\/\/kneb.wpit.umg.edu.pl\/wp-content\/uploads\/ster.png\" alt=\"ster\" width=\"18\" height=\"17\" class=\"alignleft size-full wp-image-577\" \/><\/a><a href=\"http:\/\/kneb.wpit.umg.edu.pl\/wp-content\/uploads\/Formularz-informacyjny.pdf\">Formularz informacyjny<\/a><\/p>\n<p style=\"letter-spacing:1mm;\"><a href=\"http:\/\/kneb.wpit.umg.edu.pl\/wp-content\/uploads\/ster.png\" rel=\"lightbox[540]\"><img loading=\"lazy\" decoding=\"async\" src=\"https:\/\/kneb.wpit.umg.edu.pl\/wp-content\/uploads\/ster.png\" alt=\"ster\" width=\"18\" height=\"17\" class=\"alignleft size-full wp-image-577\" \/><\/a><a href=\"http:\/\/kneb.wpit.umg.edu.pl\/wp-content\/uploads\/Cennik.pdf\">Koszt uczestnictwa w Sympozjum <\/a><\/p>\n<p style=\"letter-spacing:1mm;\"><a href=\"http:\/\/kneb.wpit.umg.edu.pl\/wp-content\/uploads\/ster.png\" rel=\"lightbox[540]\"><img loading=\"lazy\" decoding=\"async\" src=\"https:\/\/kneb.wpit.umg.edu.pl\/wp-content\/uploads\/ster.png\" alt=\"ster\" width=\"18\" height=\"17\" class=\"alignleft size-full wp-image-577\" \/><\/a><a href=\"http:\/\/kneb.wpit.umg.edu.pl\/wp-content\/uploads\/Regulamin.pdf\">Regulamin Sympozjum <\/a><\/p>\n<p style=\"letter-spacing:1mm;\"><a href=\"http:\/\/kneb.wpit.umg.edu.pl\/wp-content\/uploads\/ster.png\" rel=\"lightbox[540]\"><img loading=\"lazy\" decoding=\"async\" src=\"https:\/\/kneb.wpit.umg.edu.pl\/wp-content\/uploads\/ster.png\" alt=\"ster\" width=\"18\" height=\"17\" class=\"alignleft size-full wp-image-577\" \/><\/a><a href=\"http:\/\/kneb.wpit.umg.edu.pl\/wp-content\/uploads\/Karta-zg\u0142oszeniowa.docx\">Karta zg\u0142oszeniowa<\/a><\/p>\n<p><a href=\"http:\/\/kneb.wpit.umg.edu.pl\/wp-content\/uploads\/logo_sympozjum.jpg\" rel=\"lightbox[540]\"><img loading=\"lazy\" decoding=\"async\" src=\"https:\/\/kneb.wpit.umg.edu.pl\/wp-content\/uploads\/logo_sympozjum.jpg\" alt=\"logo_sympozjum\" width=\"190\" height=\"211\" class=\"alignleft size-full wp-image-541\" \/><\/a><strong>Sympozjum Morskie<\/strong><br \/>\nTo coroczne spotkanie m\u0142odych naukowc\u00f3w, kt\u00f3rzy nale\u017c\u0105 do k\u00f3\u0142 naukowych.<br \/>\nNa sympozjum przedstawiaj\u0105 oni zagadnienia zwi\u0105zane z tematyk\u0105 morsk\u0105 oraz pokazuj\u0105 problemy, z kt\u00f3rymi borykaj\u0105 si\u0119 jako ko\u0142o naukowe, poszukuj\u0105c w ten spos\u00f3b ich rozwi\u0105zania.<br \/>\nSympozjum to nie tylko nauka. Zach\u00f3d s\u0142o\u0144ca nad morzem, szanty \u015bpiewane przez uczestnik\u00f3w, kalambury, rebusy i wiele innych atrakcji to tylko niekt\u00f3re wspomnienia, kt\u00f3re zostaj\u0105 w pami\u0119ci na d\u0142ugo\u2026<\/p>\n<p style=\"text-align:center; color:navy; letter-spacing:0.5mm\"><strong>DOBRA ZABAWA W NAUKOWYM STYLU!<\/strong><\/p>\n","protected":false},"excerpt":{"rendered":"<p>Tegoroczne &#8222;II Sympozjum Morskie&#8221; odb\u0119dzie si\u0119 w dniach 30.05-01.06.2014 w Jastrz\u0119biej G\u00f3rze :) Film z I Sympozjum Morskiego Ulotka Sympozjum Formularz informacyjny Koszt uczestnictwa w Sympozjum Regulamin Sympozjum Karta zg\u0142oszeniowa Sympozjum Morskie To coroczne spotkanie m\u0142odych naukowc\u00f3w, kt\u00f3rzy nale\u017c\u0105 do k\u00f3\u0142 naukowych. Na sympozjum przedstawiaj\u0105 oni zagadnienia zwi\u0105zane z tematyk\u0105 morsk\u0105 oraz pokazuj\u0105 problemy, z<a href=\"https:\/\/kneb.wznj.umg.edu.pl\/?page_id=540\">[&#8230;]<\/a><\/p>\n","protected":false},"author":1,"featured_media":0,"parent":0,"menu_order":0,"comment_status":"closed","ping_status":"closed","template":"template-fullwidth.php","meta":{"footnotes":""},"_links":{"self":[{"href":"https:\/\/kneb.wznj.umg.edu.pl\/index.php?rest_route=\/wp\/v2\/pages\/540"}],"collection":[{"href":"https:\/\/kneb.wznj.umg.edu.pl\/index.php?rest_route=\/wp\/v2\/pages"}],"about":[{"href":"https:\/\/kneb.wznj.umg.edu.pl\/index.php?rest_route=\/wp\/v2\/types\/page"}],"author":[{"embeddable":true,"href":"https:\/\/kneb.wznj.umg.edu.pl\/index.php?rest_route=\/wp\/v2\/users\/1"}],"replies":[{"embeddable":true,"href":"https:\/\/kneb.wznj.umg.edu.pl\/index.php?rest_route=%2Fwp%2Fv2%2Fcomments&post=540"}],"version-history":[{"count":40,"href":"https:\/\/kneb.wznj.umg.edu.pl\/index.php?rest_route=\/wp\/v2\/pages\/540\/revisions"}],"predecessor-version":[{"id":1297,"href":"https:\/\/kneb.wznj.umg.edu.pl\/index.php?rest_route=\/wp\/v2\/pages\/540\/revisions\/1297"}],"wp:attachment":[{"href":"https:\/\/kneb.wznj.umg.edu.pl\/index.php?rest_route=%2Fwp%2Fv2%2Fmedia&parent=540"}],"curies":[{"name":"wp","href":"https:\/\/api.w.org\/{rel}","templated":true}]}}