{"id":72,"date":"2012-05-09T11:24:43","date_gmt":"2012-05-09T09:24:43","guid":{"rendered":"http:\/\/kneb.wpit.am.gdynia.pl\/?page_id=72"},"modified":"2021-09-20T17:59:45","modified_gmt":"2021-09-20T15:59:45","slug":"kontakt-2","status":"publish","type":"page","link":"https:\/\/kneb.wznj.umg.edu.pl\/?page_id=72","title":{"rendered":"Kontakt"},"content":{"rendered":"<p>&nbsp;<br \/>\n<center><\/p>\n<ul>\n\t<strong>Fanpage: <\/strong>https:\/\/www.facebook.com\/KoloNaukoweeBiznesu<br \/>\n\t<strong>Opiekun ko\u0142a:<\/strong> p.szyman@wznj.umg.edu.pl<\/p>\n<p><strong>Adres uczelni:<\/strong><br \/>\nWydzia\u0142 Zarz\u0105dzania i Nauk o Jako\u015bci<br \/>\nul. Morska 81-87<br \/>\n81-225 Gdynia<br \/>\ntel. (58) 6901-215<\/p>\n<p><iframe loading=\"lazy\" src=\"https:\/\/www.google.com\/maps\/embed?pb=!1m18!1m12!1m3!1d2315.397416123491!2d18.510168729162352!3d54.52648779187628!2m3!1f0!2f0!3f0!3m2!1i1024!2i768!4f13.1!3m3!1m2!1s0x46fda6c3ed450cd7%3A0xed5a46d20ef4a60c!2sAkademia+Morska!5e0!3m2!1spl!2spl!4v1456483083653\" width=\"600\" height=\"450\" frameborder=\"0\" style=\"border:0\" allowfullscreen><\/iframe><\/ul>\n<p><\/center><\/p>\n","protected":false},"excerpt":{"rendered":"<p>&nbsp; Fanpage: https:\/\/www.facebook.com\/KoloNaukoweeBiznesu Opiekun ko\u0142a: p.szyman@wznj.umg.edu.pl Adres uczelni: Wydzia\u0142 Zarz\u0105dzania i Nauk o Jako\u015bci ul. Morska 81-87 81-225 Gdynia tel. (58) 6901-215<\/p>\n","protected":false},"author":1,"featured_media":0,"parent":0,"menu_order":0,"comment_status":"closed","ping_status":"closed","template":"template-fullwidth.php","meta":{"footnotes":""},"_links":{"self":[{"href":"https:\/\/kneb.wznj.umg.edu.pl\/index.php?rest_route=\/wp\/v2\/pages\/72"}],"collection":[{"href":"https:\/\/kneb.wznj.umg.edu.pl\/index.php?rest_route=\/wp\/v2\/pages"}],"about":[{"href":"https:\/\/kneb.wznj.umg.edu.pl\/index.php?rest_route=\/wp\/v2\/types\/page"}],"author":[{"embeddable":true,"href":"https:\/\/kneb.wznj.umg.edu.pl\/index.php?rest_route=\/wp\/v2\/users\/1"}],"replies":[{"embeddable":true,"href":"https:\/\/kneb.wznj.umg.edu.pl\/index.php?rest_route=%2Fwp%2Fv2%2Fcomments&post=72"}],"version-history":[{"count":20,"href":"https:\/\/kneb.wznj.umg.edu.pl\/index.php?rest_route=\/wp\/v2\/pages\/72\/revisions"}],"predecessor-version":[{"id":1466,"href":"https:\/\/kneb.wznj.umg.edu.pl\/index.php?rest_route=\/wp\/v2\/pages\/72\/revisions\/1466"}],"wp:attachment":[{"href":"https:\/\/kneb.wznj.umg.edu.pl\/index.php?rest_route=%2Fwp%2Fv2%2Fmedia&parent=72"}],"curies":[{"name":"wp","href":"https:\/\/api.w.org\/{rel}","templated":true}]}}