{"id":815,"date":"2016-03-03T19:38:44","date_gmt":"2016-03-03T18:38:44","guid":{"rendered":"http:\/\/kneb.wpit.am.gdynia.pl\/?page_id=815"},"modified":"2023-01-12T21:37:27","modified_gmt":"2023-01-12T20:37:27","slug":"najblizsze-spotkanie","status":"publish","type":"page","link":"https:\/\/kneb.wznj.umg.edu.pl\/?page_id=815","title":{"rendered":"Najbli\u017csze spotkanie"},"content":{"rendered":"<p>Ju\u017c na pocz\u0105tku semestru letniego 2023 uruchomimy kalendarz przysz\u0142ych wydarze\u0144 naszgo ko\u0142a.<br \/>\nAktualne wydarzenia zawsze mo\u017cecie znale\u017a\u0107 na naszej stronie na Facebooku: https:\/\/www.facebook.com\/KoloNaukoweeBiznesu<\/p>\n","protected":false},"excerpt":{"rendered":"<p>Ju\u017c na pocz\u0105tku semestru letniego 2023 uruchomimy kalendarz przysz\u0142ych wydarze\u0144 naszgo ko\u0142a. Aktualne wydarzenia zawsze mo\u017cecie znale\u017a\u0107 na naszej stronie na Facebooku: https:\/\/www.facebook.com\/KoloNaukoweeBiznesu<\/p>\n","protected":false},"author":1,"featured_media":0,"parent":4,"menu_order":0,"comment_status":"closed","ping_status":"closed","template":"template-fullwidth.php","meta":{"footnotes":""},"_links":{"self":[{"href":"https:\/\/kneb.wznj.umg.edu.pl\/index.php?rest_route=\/wp\/v2\/pages\/815"}],"collection":[{"href":"https:\/\/kneb.wznj.umg.edu.pl\/index.php?rest_route=\/wp\/v2\/pages"}],"about":[{"href":"https:\/\/kneb.wznj.umg.edu.pl\/index.php?rest_route=\/wp\/v2\/types\/page"}],"author":[{"embeddable":true,"href":"https:\/\/kneb.wznj.umg.edu.pl\/index.php?rest_route=\/wp\/v2\/users\/1"}],"replies":[{"embeddable":true,"href":"https:\/\/kneb.wznj.umg.edu.pl\/index.php?rest_route=%2Fwp%2Fv2%2Fcomments&post=815"}],"version-history":[{"count":21,"href":"https:\/\/kneb.wznj.umg.edu.pl\/index.php?rest_route=\/wp\/v2\/pages\/815\/revisions"}],"predecessor-version":[{"id":1656,"href":"https:\/\/kneb.wznj.umg.edu.pl\/index.php?rest_route=\/wp\/v2\/pages\/815\/revisions\/1656"}],"up":[{"embeddable":true,"href":"https:\/\/kneb.wznj.umg.edu.pl\/index.php?rest_route=\/wp\/v2\/pages\/4"}],"wp:attachment":[{"href":"https:\/\/kneb.wznj.umg.edu.pl\/index.php?rest_route=%2Fwp%2Fv2%2Fmedia&parent=815"}],"curies":[{"name":"wp","href":"https:\/\/api.w.org\/{rel}","templated":true}]}}