{"id":9,"date":"2008-01-31T09:14:55","date_gmt":"2008-01-31T08:14:55","guid":{"rendered":"http:\/\/kneb.topa.pl\/kneb\/statut"},"modified":"2016-04-21T17:11:46","modified_gmt":"2016-04-21T15:11:46","slug":"statut","status":"publish","type":"page","link":"https:\/\/kneb.wznj.umg.edu.pl\/?page_id=9","title":{"rendered":"Statut"},"content":{"rendered":"<p align=\"center\"><strong>STATUT KO\u0141A  NAUKOWEGO E-BIZNESU<\/strong><\/p>\n<p align=\"center\"><strong>Art.1<\/strong><\/p>\n<p align=\"center\"><strong>POSTANOWIENIA  OG\u00d3LNE<\/strong><\/p>\n<p align=\"center\"><strong>\u00a7 1<\/strong><\/p>\n<p align=\"justify\">Organizacja,  zwana dalej Ko\u0142em, nosi nazw\u0119 <strong>Ko\u0142o Naukowe e-Biznesu. <\/strong><\/p>\n<p>Skr\u00f3t nazwy Ko\u0142a brzmi <strong> KNeB.<\/strong><\/p>\n<p align=\"center\"><strong>\u00a7 2<\/strong><\/p>\n<p align=\"justify\">Siedzib\u0105 Ko\u0142a  jest Wydzia\u0142 Przedsi\u0119biorczo\u015bci i Towaroznawstwa Akademii Morskiej  w Gdyni, ul. Morska 81-83.<\/p>\n<p align=\"center\"><strong>\u00a7 3<\/strong><\/p>\n<p align=\"justify\">Ko\u0142o dzia\u0142a  zgodnie z obowi\u0105zuj\u0105cymi przepisami prawa, w szczeg\u00f3lno\u015bci ze Statutem  Akademii Morskiej w Gdyni.<\/p>\n<p align=\"center\"><strong>Art. 2<\/strong><\/p>\n<p align=\"center\"><strong>CELE DZIA\u0141ALNO\u015aCI  KO\u0141A ORAZ FORMY ICH REALIZACJI<\/strong><\/p>\n<p align=\"center\"><strong>\u00a7 1<\/strong><\/p>\n<p>Cele dzia\u0142alno\u015bci ko\u0142a:<\/p>\n<ul type=\"disc\">\n<li>podnoszenie poziomu    wiedzy teoretycznej oraz umiej\u0119tno\u015bci praktycznych cz\u0142onk\u00f3w;<\/li>\n<li>umo\u017cliwienie cz\u0142onkom    Ko\u0142a rozwijania i pog\u0142\u0119biania wiedzy na temat zastosowa\u0144 informatyki    w biznesie;<\/li>\n<li>umo\u017cliwienie wymiany    do\u015bwiadcze\u0144 i prezentowanie wynik\u00f3w w\u0142asnych prac badawczych;<\/li>\n<li>organizowanie i    utrzymywanie wsp\u00f3\u0142pracy Ko\u0142a z innymi ko\u0142ami naukowymi oraz instytucjami;<\/li>\n<li>organizacja szkole\u0144,    warsztat\u00f3w i konferencji w dziedzinach zwi\u0105zanych z zastosowaniami    informatyki w biznesie;<\/li>\n<\/ul>\n<p align=\"center\"><strong>\u00a7 2<\/strong><\/p>\n<p align=\"justify\">Cele powy\u017csze  Ko\u0142o realizuje poprzez:<\/p>\n<ol type=\"1\">\n<li>w\u0142asne badania    naukowe;<\/li>\n<li>podejmowanie i prowadzenie    przez cz\u0142onk\u00f3w Ko\u0142a zespo\u0142owych i indywidualnych prac naukowo-badawczych;<\/li>\n<li>organizowanie spotka\u0144    ze specjalistami r\u00f3\u017cnych dziedzin;<\/li>\n<li>organizowanie odczyt\u00f3w    wyg\u0142aszanych przez cz\u0142onk\u00f3w Ko\u0142a lub zaproszonych go\u015bci;<\/li>\n<li>organizowanie i    udzia\u0142 w seminariach, konferencjach, sympozjach, zjazdach i obozach    naukowych;<\/li>\n<li>wsp\u00f3\u0142prac\u0119 z    innymi ko\u0142ami naukowymi, organizacjami i instytucjami;<\/li>\n<li>inne przedsi\u0119wzi\u0119cia    zgodne ze statutem.<\/li>\n<\/ol>\n<p align=\"center\"><strong>Art. 3<\/strong><\/p>\n<p align=\"center\"><strong>Prawa i obowi\u0105zki  cz\u0142onk\u00f3w<\/strong><\/p>\n<p align=\"center\"><strong>\u00a7 1<\/strong><\/p>\n<p align=\"justify\">Cz\u0142onkiem  zwyczajnym Ko\u0142a mo\u017ce by\u0107 ka\u017cdy student Akademii Morskiej w Gdyni  zainteresowany problematyk\u0105 naukow\u0105 Ko\u0142a.<\/p>\n<p align=\"center\"><strong>\u00a7 2<\/strong><\/p>\n<ol type=\"1\">\n<li>Cz\u0142onkami Honorowymi    Ko\u0142a mog\u0105 by\u0107 absolwenci AM lub zatrudnieni w niej nauczyciele akademiccy,    a tak\u017ce inne osoby, kt\u00f3re po\u0142o\u017cy\u0142y szczeg\u00f3lne zas\u0142ugi dla rozwoju    Ko\u0142a. <\/li>\n<li>Status Cz\u0142onka    Honorowego nadaje Zarz\u0105d Ko\u0142a.<\/li>\n<\/ol>\n<p align=\"center\"><strong>\u00a7 3<\/strong><\/p>\n<p align=\"justify\">Cz\u0142onkostwo  nabywa si\u0119 na mocy decyzji Zarz\u0105du Ko\u0142a. Decyzja o przyj\u0119ciu lub  odrzuceniu Kandydata na Cz\u0142onka Ko\u0142a musi zosta\u0107 podj\u0119ta przez Zarz\u0105d  Ko\u0142a w okresie do 6 miesi\u0119cy od daty przyznania statutu Kandydata  na Cz\u0142onka Ko\u0142a.<\/p>\n<p align=\"center\"><strong>\u00a7 4<\/strong><\/p>\n<p align=\"justify\">Cz\u0142onkiem  Ko\u0142a mo\u017ce by\u0107 osoba b\u0119d\u0105ca studentem innej uczelni. O przyj\u0119ciu  osoby b\u0119d\u0105cej studentem innej uczelni decyduje Zarz\u0105d.<\/p>\n<p align=\"center\"><strong>\u00a7 5<\/strong><\/p>\n<p>Cz\u0142onek Ko\u0142a ma prawo do:<\/p>\n<ul type=\"disc\">\n<li>czynnego uczestnictwa    w pracach Ko\u0142a;<\/li>\n<li>korzystania z pomocy    pracownik\u00f3w naukowych jednostki, przy kt\u00f3rej afiliowane jest Ko\u0142o;<\/li>\n<li>udzia\u0142u w Walnym    Zgromadzeniu;<\/li>\n<li>czynnego i biernego    prawa wyborczego;<\/li>\n<li>swobodnego wyra\u017cania    swoich opinii, s\u0105d\u00f3w i pogl\u0105d\u00f3w na aktualnie omawiany temat w formie    dyskusji lub referatu;<\/li>\n<li>oceniania pracy    zarz\u0105du.<\/li>\n<\/ul>\n<p align=\"center\"><strong>\u00a7  6<\/strong><\/p>\n<p align=\"justify\">Cz\u0142onek Ko\u0142a  oraz Kandydat na Cz\u0142onka Ko\u0142a ma obowi\u0105zek:<\/p>\n<ul type=\"disc\">\n<li>przestrzega\u0107 postanowie\u0144    Statutu Ko\u0142a oraz uchwa\u0142 jego organ\u00f3w;<\/li>\n<li>terminowo wywi\u0105zywa\u0107    si\u0119 z powierzonych prac;<\/li>\n<li>dbania o dobre imi\u0119    Ko\u0142a.<\/li>\n<\/ul>\n<p align=\"center\"><strong>\u00a7 7<\/strong><\/p>\n<p>Cz\u0142onkostwo ustaje na skutek:<\/p>\n<ul type=\"disc\">\n<li>na wniosek cz\u0142onka    Ko\u0142a;<\/li>\n<li>wykluczenia dokonanego    za zgod\u0105 Opiekuna Naukowego na wniosek Zarz\u0105du w przypadku post\u0119powania    cz\u0142onka Ko\u0142a sprzecznego ze statutem Ko\u0142a, statutem AM lub w inny    spos\u00f3b nie daj\u0105cego si\u0119 pogodzi\u0107 z obowi\u0105zkami Cz\u0142onka Ko\u0142a;<\/li>\n<li>wykre\u015blenia     dokonanego przez Zarz\u0105d po 2 latach od momentu utraty przez cz\u0142onka    Ko\u0142a statusu studenta AM, licz\u0105c od daty obrony pracy licencjackiej,    dyplomowej lub magisterskiej;<\/li>\n<li>rozwi\u0105zania Ko\u0142a.<\/li>\n<\/ul>\n<p align=\"center\"><strong>Art. 4<\/strong><\/p>\n<p align=\"center\"><strong>W\u0142adze Ko\u0142a<\/strong><\/p>\n<p align=\"center\"><strong>\u00a7 1<\/strong><\/p>\n<p>Organami Ko\u0142a s\u0105:<\/p>\n<ol type=\"1\">\n<li>Walne Zgromadzenie;<\/li>\n<li>Zarz\u0105d;<\/li>\n<li>Opiekun Naukowy.<\/li>\n<\/ol>\n<p align=\"center\"><strong>\u00a7 2<\/strong><\/p>\n<ul type=\"disc\">\n<li>Zarz\u0105d sk\u0142ada    si\u0119 z 3 cz\u0142onk\u00f3w: przewodnicz\u0105cego, skarbnika i sekretarza;<\/li>\n<li>Przewodnicz\u0105cy    na okres swojej kadencji proponuje Cz\u0142onk\u00f3w Zarz\u0105du spo\u015br\u00f3d wszystkich    Cz\u0142onk\u00f3w Ko\u0142a;<\/li>\n<li>Zarz\u0105d wybierany    i zatwierdzany jest na Walnym Zgromadzeniu przez g\u0142osowanie, przy co    najmniej po\u0142owie obecnych cz\u0142onk\u00f3w wi\u0119kszo\u015bci\u0105 2\/3 g\u0142os\u00f3w;<\/li>\n<li>Kadencja zarz\u0105du    trwa jeden rok akademicki;<\/li>\n<li>Zarz\u0105d mo\u017ce by\u0107    odwo\u0142any przez Walne Zgromadzenie w obecno\u015bci, co najmniej 3\/4 cz\u0142onk\u00f3w    Ko\u0142a kwalifikowan\u0105 wi\u0119kszo\u015bci\u0105 g\u0142os\u00f3w (2\/3). Odwo\u0142anie zarz\u0105du    mo\u017ce nast\u0105pi\u0107 w obecno\u015bci Opiekuna Ko\u0142a.<\/li>\n<\/ul>\n<p align=\"center\"><strong>\u00a7 3<\/strong><\/p>\n<p align=\"justify\">Kandydatem  na przewodnicz\u0105cego Ko\u0142a mo\u017ce zosta\u0107 ka\u017cdy Cz\u0142onek Ko\u0142a, kt\u00f3ry  zg\u0142osi Opiekunowi Naukowemu swoj\u0105 kandydatur\u0119 najp\u00f3\u017aniej na 14  dni przed terminem wybor\u00f3w.<\/p>\n<p align=\"center\"><strong>\u00a7 4<\/strong><\/p>\n<p>Opiekun Naukowy ma 7 dni na  og\u0142oszenie listy kandydat\u00f3w.<\/p>\n<p align=\"center\"><strong>\u00a7 5<\/strong><\/p>\n<p align=\"justify\">Termin wybor\u00f3w  ustala Opiekun Naukowy nie p\u00f3\u017aniej ni\u017c na 21 dni po up\u0142ywie kadencji  Zarz\u0105du.<\/p>\n<p align=\"center\"><strong>\u00a7 6<\/strong><\/p>\n<p align=\"justify\">Kadencja Zarz\u0105du  rozpoczyna si\u0119 nie p\u00f3\u017aniej ni\u017c na 30 dni po wyborach. Kadencja ust\u0119puj\u0105cego  Zarz\u0105du ko\u0144czy si\u0119 w dniu rozpocz\u0119cia kadencji nowo wybranego Zarz\u0105du.<\/p>\n<p align=\"center\"><strong>\u00a7 7<\/strong><\/p>\n<p>Decyzje Zarz\u0105du podejmowane  s\u0105 zwyk\u0142\u0105 wi\u0119kszo\u015bci\u0105 g\u0142os\u00f3w.<\/p>\n<p align=\"center\"><strong>\u00a7 8<\/strong><\/p>\n<p>Do zada\u0144 Zarz\u0105du nale\u017cy:<\/p>\n<ol type=\"1\">\n<li>reprezentowanie    Ko\u0142a;<\/li>\n<li>organizowanie i    kierowanie prac\u0105 Ko\u0142a;<\/li>\n<li>wykonywanie uchwa\u0142    Walnego Zgromadzenia;<\/li>\n<li>ustalanie planu    pracy i preliminarza bud\u017cetowego Ko\u0142a;<\/li>\n<li>prowadzenie rachunkowo\u015bci    Ko\u0142a;<\/li>\n<li>prowadzenie ewidencji    cz\u0142onk\u00f3w Ko\u0142a;<\/li>\n<li>utrzymywanie kontakt\u00f3w    z ko\u0142ami w innych o\u015brodkach oraz z innymi organizacjami na terenie    i poza Uczelni\u0105;<\/li>\n<li>przedstawienie Walnemu    Zgromadzeniu sprawozdania z bie\u017c\u0105cej dzia\u0142alno\u015bci.<\/li>\n<\/ol>\n<p align=\"center\"><strong>\u00a7 9<\/strong><\/p>\n<p>W Walnym Zgromadzeniu maj\u0105  prawo uczestniczy\u0107 wszyscy cz\u0142onkowie Ko\u0142a.<\/p>\n<p align=\"center\"><strong>\u00a710<\/strong><\/p>\n<p>Do kompetencji Walnego Zgromadzenia  nale\u017cy:<\/p>\n<ol type=\"1\">\n<li>wyb\u00f3r Zarz\u0105du    Ko\u0142a;<\/li>\n<li>wcze\u015bniejsze odwo\u0142anie    Zarz\u0105du Ko\u0142a;<\/li>\n<li>wskazywanie kierunk\u00f3w    i cel\u00f3w pracy Ko\u0142a;<\/li>\n<li>zatwierdzanie rocznego    planu dzia\u0142ania.<\/li>\n<\/ol>\n<p align=\"center\"><strong>\u00a7 11<\/strong><\/p>\n<p>Zwo\u0142ywanie Walnego Zgromadzenia:<\/p>\n<ol type=\"1\">\n<li>Walne Zgromadzenie    zwo\u0142uje Zarz\u0105d przynajmniej 1 raz w roku akademickim;<\/li>\n<li>Zarz\u0105d jest zobowi\u0105zany    do powiadomienia wszystkich cz\u0142onk\u00f3w o miejscu i terminie Walnego    Zgromadzenia nie p\u00f3\u017aniej ni\u017c 7 dni przed ustalonym terminem;<\/li>\n<li>Walne Zgromadzenie    zwo\u0142a\u0107 mo\u017ce r\u00f3wnie\u017c Opiekun Naukowy.<\/li>\n<\/ol>\n<p align=\"center\"><strong>Art. 5<\/strong><\/p>\n<p align=\"center\"><strong>OPIEKUN KO\u0141A<\/strong><\/p>\n<p align=\"center\"><strong>\u00a7 1<\/strong><\/p>\n<p>Opiekun Ko\u0142a sprawuje bezpo\u015bredni  nadz\u00f3r nad prac\u0105 Ko\u0142a.<\/p>\n<p align=\"center\"><strong>\u00a7 2<\/strong><\/p>\n<p>Do kompetencji Opiekuna Naukowego  nale\u017cy:<\/p>\n<ul type=\"disc\">\n<li>zatwierdzenie temat\u00f3w    badawczych podejmowanych przez Ko\u0142o i merytoryczna pomoc w ich realizacji;<\/li>\n<li>rozstrzyganie spor\u00f3w    cz\u0142onkowskich;<\/li>\n<li>reprezentowanie    i og\u00f3lny nadz\u00f3r nad dzia\u0142alno\u015bci\u0105 Ko\u0142a.<\/li>\n<\/ul>\n<p align=\"center\"><strong>\u00a7 3<\/strong><\/p>\n<p>Opiekuna Ko\u0142a wyznacza Kierownik  Katedry System\u00f3w Informacyjnych.<\/p>\n<p align=\"center\"><strong>Art. 6<\/strong><\/p>\n<p align=\"center\"><strong>FUNDUSZE  I MAJ\u0104TEK KO\u0141A<\/strong><\/p>\n<p align=\"center\"><strong>\u00a7 1<\/strong><\/p>\n<p>Maj\u0105tek Ko\u0142a stanowi\u0105 \u015brodki  trwa\u0142e i obrotowe<\/p>\n<ul type=\"disc\">\n<li>\u015brodki trwa\u0142e    (budynki, pomieszczenia, urz\u0105dzenia i aparatura techniczna) stanowi\u0105    w\u0142asno\u015b\u0107 Uczelni i s\u0105 przekazywane Ko\u0142u do u\u017cytkowania przez W\u0142adze    Uczelni;<\/li>\n<li>\u015brodki obrotowe    s\u0142u\u017c\u0105ce na pokrycie bie\u017c\u0105cej dzia\u0142alno\u015bci Ko\u0142a pochodz\u0105 z dotacji    Akademii Morskiej<\/li>\n<\/ul>\n<p align=\"center\"><strong>Art. 7<\/strong><\/p>\n<p align=\"center\"><strong>POSTANOWIENIA  KO\u0143COWE<\/strong><\/p>\n<p align=\"center\"><strong>\u00a7 1<\/strong><\/p>\n<p>Rozwi\u0105zanie Ko\u0142a nast\u0119puje  w drodze:<\/p>\n<ul type=\"disc\">\n<li>uchwa\u0142y Walnego    Zgromadzenia w obecno\u015bci wszystkich cz\u0142onk\u00f3w Ko\u0142a kwalifikowan\u0105    wi\u0119kszo\u015bci\u0105 g\u0142os\u00f3w;<\/li>\n<li>decyzji Rektora    AM podj\u0119tej na wniosek Opiekuna Naukowego, gdy dzia\u0142alno\u015b\u0107 Ko\u0142a    przynosi szkody AM.<\/li>\n<\/ul>\n<p align=\"center\"><strong>\u00a7 2<\/strong><\/p>\n<p align=\"justify\">Bezpo\u015bredni  nadz\u00f3r nad dzia\u0142alno\u015bci\u0105 Ko\u0142a z ramienia W\u0142adz Uczelni sprawuje  Kierownik Katedry System\u00f3w Informacyjnych i wyznaczeni przez niego  opiekunowie.<\/p>\n<p align=\"center\"><strong>\u00a7 3<\/strong><\/p>\n<p align=\"justify\">Statut ulega  zmianie na wniosek Zarz\u0105du, uchwalony przez Walne Zgromadzenie, zaopiniowany  przez Opiekuna Naukowego oraz zatwierdzony przez Rektora AM.<\/p>\n","protected":false},"excerpt":{"rendered":"<p>STATUT KO\u0141A NAUKOWEGO E-BIZNESU Art.1 POSTANOWIENIA OG\u00d3LNE \u00a7 1 Organizacja, zwana dalej Ko\u0142em, nosi nazw\u0119 Ko\u0142o Naukowe e-Biznesu. Skr\u00f3t nazwy Ko\u0142a brzmi KNeB. \u00a7 2 Siedzib\u0105 Ko\u0142a jest Wydzia\u0142 Przedsi\u0119biorczo\u015bci i Towaroznawstwa Akademii Morskiej w Gdyni, ul. Morska 81-83. \u00a7 3 Ko\u0142o dzia\u0142a zgodnie z obowi\u0105zuj\u0105cymi przepisami prawa, w szczeg\u00f3lno\u015bci ze Statutem Akademii Morskiej w<a href=\"https:\/\/kneb.wznj.umg.edu.pl\/?page_id=9\">[&#8230;]<\/a><\/p>\n","protected":false},"author":1,"featured_media":0,"parent":4,"menu_order":0,"comment_status":"closed","ping_status":"closed","template":"template-fullwidth.php","meta":{"footnotes":""},"_links":{"self":[{"href":"https:\/\/kneb.wznj.umg.edu.pl\/index.php?rest_route=\/wp\/v2\/pages\/9"}],"collection":[{"href":"https:\/\/kneb.wznj.umg.edu.pl\/index.php?rest_route=\/wp\/v2\/pages"}],"about":[{"href":"https:\/\/kneb.wznj.umg.edu.pl\/index.php?rest_route=\/wp\/v2\/types\/page"}],"author":[{"embeddable":true,"href":"https:\/\/kneb.wznj.umg.edu.pl\/index.php?rest_route=\/wp\/v2\/users\/1"}],"replies":[{"embeddable":true,"href":"https:\/\/kneb.wznj.umg.edu.pl\/index.php?rest_route=%2Fwp%2Fv2%2Fcomments&post=9"}],"version-history":[{"count":1,"href":"https:\/\/kneb.wznj.umg.edu.pl\/index.php?rest_route=\/wp\/v2\/pages\/9\/revisions"}],"predecessor-version":[{"id":1028,"href":"https:\/\/kneb.wznj.umg.edu.pl\/index.php?rest_route=\/wp\/v2\/pages\/9\/revisions\/1028"}],"up":[{"embeddable":true,"href":"https:\/\/kneb.wznj.umg.edu.pl\/index.php?rest_route=\/wp\/v2\/pages\/4"}],"wp:attachment":[{"href":"https:\/\/kneb.wznj.umg.edu.pl\/index.php?rest_route=%2Fwp%2Fv2%2Fmedia&parent=9"}],"curies":[{"name":"wp","href":"https:\/\/api.w.org\/{rel}","templated":true}]}}